{"id":11,"date":"2023-09-29T15:48:56","date_gmt":"2023-09-29T20:48:56","guid":{"rendered":"https:\/\/reilangel.com\/?page_id=11"},"modified":"2024-06-10T10:00:37","modified_gmt":"2024-06-10T15:00:37","slug":"solutions","status":"publish","type":"page","link":"https:\/\/re-il.com\/es\/solutions\/","title":{"rendered":"Soluciones"},"content":{"rendered":"<div class=\"wp-block-group alignfull is-layout-constrained wp-block-group-is-layout-constrained\" style=\"margin-top: 0; margin-bottom: 0; padding-top: 64px; padding-bottom: 64px;\">\r\n<div class=\"wp-block-columns alignwide is-layout-flex wp-container-core-columns-is-layout-28232c24 wp-block-columns-is-layout-flex\">\r\n<div class=\"wp-block-column is-vertically-aligned-center is-layout-flow wp-block-column-is-layout-flow\">\r\n<figure class=\"wp-block-image aligncenter size-full\"><img decoding=\"async\" class=\"wp-image-213\" src=\"https:\/\/re-il.com\/wp-content\/uploads\/2023\/10\/agente-ventas-usando-laptop.jpg\" alt=\"\" \/><\/figure>\r\n<\/div>\r\n\r\n\r\n\r\n<div class=\"wp-block-column is-vertically-aligned-center is-layout-flow wp-block-column-is-layout-flow\" style=\"padding: 24px;\">\r\n<h2 class=\"wp-block-heading\">C\u00f3mo funciona nuestro servicio<\/h2>\r\n\r\n\r\n\r\n<p style=\"text-align: Justify;\">Nuestra empresa se especializa en la compra r\u00e1pida y eficiente de viviendas. Si tiene una propiedad que desea vender de manera r\u00e1pida y sin complicaciones, ReilAngel es su soluci\u00f3n. No importa el estado de su propiedad; estamos interesados \u200b\u200ben explorar todas las oportunidades. Nuestro proceso es simple y directo: evaluamos su propiedad, presentamos una oferta justa y cerramos la transacci\u00f3n de manera eficiente.<\/p>\r\n<p>\r\n\r\n<\/p>\r\n<div class=\"wp-block-buttons is-layout-flex wp-block-buttons-is-layout-flex\">\r\n<div class=\"wp-block-button\"><span style=\"color: #0000ff;\"><a style=\"color: #0000ff;\" href=\"https:\/\/re-il.com\/contact-us\/\">Aprende m\u00e1s<\/a><\/span><\/div>\r\n<\/div>\r\n<p><\/p>\r\n<\/div>\r\n<\/div>\r\n<\/div>","protected":false},"excerpt":{"rendered":"<p>How Our Service Works Our company specializes in the quick and efficient purchase of homes. If you have a property you want to sell quickly and hassle-free, ReilAngel is your solution. No matter the condition of your property; we are interested in exploring all opportunities. Our process is simple and straightforward: we evaluate your property, [&hellip;]<\/p>\n","protected":false},"author":1,"featured_media":0,"parent":0,"menu_order":0,"comment_status":"closed","ping_status":"closed","template":"","meta":{"_monsterinsights_skip_tracking":false,"_monsterinsights_sitenote_active":false,"_monsterinsights_sitenote_note":"","_monsterinsights_sitenote_category":0,"footnotes":""},"class_list":["post-11","page","type-page","status-publish","hentry"],"_links":{"self":[{"href":"https:\/\/re-il.com\/es\/wp-json\/wp\/v2\/pages\/11","targetHints":{"allow":["GET"]}}],"collection":[{"href":"https:\/\/re-il.com\/es\/wp-json\/wp\/v2\/pages"}],"about":[{"href":"https:\/\/re-il.com\/es\/wp-json\/wp\/v2\/types\/page"}],"author":[{"embeddable":true,"href":"https:\/\/re-il.com\/es\/wp-json\/wp\/v2\/users\/1"}],"replies":[{"embeddable":true,"href":"https:\/\/re-il.com\/es\/wp-json\/wp\/v2\/comments?post=11"}],"version-history":[{"count":11,"href":"https:\/\/re-il.com\/es\/wp-json\/wp\/v2\/pages\/11\/revisions"}],"predecessor-version":[{"id":296,"href":"https:\/\/re-il.com\/es\/wp-json\/wp\/v2\/pages\/11\/revisions\/296"}],"wp:attachment":[{"href":"https:\/\/re-il.com\/es\/wp-json\/wp\/v2\/media?parent=11"}],"curies":[{"name":"wp","href":"https:\/\/api.w.org\/{rel}","templated":true}]}}